{"id":3,"date":"2023-06-30T16:49:47","date_gmt":"2023-06-30T16:49:47","guid":{"rendered":"https:\/\/newbalancechiropractic.com\/?page_id=3"},"modified":"2026-03-06T13:16:16","modified_gmt":"2026-03-06T20:16:16","slug":"politica-de-privacidad","status":"publish","type":"page","link":"https:\/\/newbalancechiropractic.com\/es\/privacy-policy\/","title":{"rendered":"Pol\u00edtica de privacidad"},"content":{"rendered":"<div data-elementor-type=\"wp-page\" data-elementor-id=\"3\" class=\"elementor elementor-3\" data-elementor-post-type=\"page\">\n\t\t\t\t\t\t<section class=\"elementor-section elementor-top-section elementor-element elementor-element-2945379c elementor-section-full_width elementor-section-height-default elementor-section-height-default\" data-id=\"2945379c\" data-element_type=\"section\" data-e-type=\"section\" data-settings=\"{&quot;background_background&quot;:&quot;classic&quot;}\">\n\t\t\t\t\t\t<div class=\"elementor-container elementor-column-gap-default\">\n\t\t\t\t\t<div class=\"elementor-column elementor-col-100 elementor-top-column elementor-element elementor-element-571b24cd\" data-id=\"571b24cd\" data-element_type=\"column\" data-e-type=\"column\">\n\t\t\t<div class=\"elementor-widget-wrap elementor-element-populated\">\n\t\t\t\t\t\t<div class=\"elementor-element elementor-element-7b7a3a5d elementor-widget elementor-widget-heading\" data-id=\"7b7a3a5d\" data-element_type=\"widget\" data-e-type=\"widget\" data-widget_type=\"heading.default\">\n\t\t\t\t<div class=\"elementor-widget-container\">\n\t\t\t\t\t<h1 class=\"elementor-heading-title elementor-size-default\">Pol\u00edtica de privacidad<\/h1>\t\t\t\t<\/div>\n\t\t\t\t<\/div>\n\t\t\t\t\t<\/div>\n\t\t<\/div>\n\t\t\t\t\t<\/div>\n\t\t<\/section>\n\t\t\t\t<section class=\"elementor-section elementor-top-section elementor-element elementor-element-957c3e6 elementor-section-boxed elementor-section-height-default elementor-section-height-default\" data-id=\"957c3e6\" data-element_type=\"section\" data-e-type=\"section\">\n\t\t\t\t\t\t<div class=\"elementor-container elementor-column-gap-default\">\n\t\t\t\t\t<div class=\"elementor-column elementor-col-100 elementor-top-column elementor-element elementor-element-e32d665\" data-id=\"e32d665\" data-element_type=\"column\" data-e-type=\"column\">\n\t\t\t<div class=\"elementor-widget-wrap elementor-element-populated\">\n\t\t\t\t\t\t<div class=\"elementor-element elementor-element-955f13e elementor-widget elementor-widget-spacer\" data-id=\"955f13e\" data-element_type=\"widget\" data-e-type=\"widget\" data-widget_type=\"spacer.default\">\n\t\t\t\t<div class=\"elementor-widget-container\">\n\t\t\t\t\t\t\t<div class=\"elementor-spacer\">\n\t\t\t<div class=\"elementor-spacer-inner\"><\/div>\n\t\t<\/div>\n\t\t\t\t\t\t<\/div>\n\t\t\t\t<\/div>\n\t\t\t\t\t<\/div>\n\t\t<\/div>\n\t\t\t\t\t<\/div>\n\t\t<\/section>\n\t\t\t\t<section class=\"elementor-section elementor-top-section elementor-element elementor-element-20d4efa elementor-section-boxed elementor-section-height-default elementor-section-height-default\" data-id=\"20d4efa\" data-element_type=\"section\" data-e-type=\"section\">\n\t\t\t\t\t\t<div class=\"elementor-container elementor-column-gap-default\">\n\t\t\t\t\t<div class=\"elementor-column elementor-col-100 elementor-top-column elementor-element elementor-element-05646cc\" data-id=\"05646cc\" data-element_type=\"column\" data-e-type=\"column\" data-settings=\"{&quot;background_background&quot;:&quot;classic&quot;}\">\n\t\t\t<div class=\"elementor-widget-wrap elementor-element-populated\">\n\t\t\t\t\t\t<div class=\"elementor-element elementor-element-ab7dd51 elementor-widget elementor-widget-spacer\" data-id=\"ab7dd51\" data-element_type=\"widget\" data-e-type=\"widget\" data-widget_type=\"spacer.default\">\n\t\t\t\t<div class=\"elementor-widget-container\">\n\t\t\t\t\t\t\t<div class=\"elementor-spacer\">\n\t\t\t<div class=\"elementor-spacer-inner\"><\/div>\n\t\t<\/div>\n\t\t\t\t\t\t<\/div>\n\t\t\t\t<\/div>\n\t\t\t\t<div class=\"elementor-element elementor-element-fa116e7 elementor-widget elementor-widget-text-editor\" data-id=\"fa116e7\" data-element_type=\"widget\" data-e-type=\"widget\" data-widget_type=\"text-editor.default\">\n\t\t\t\t<div class=\"elementor-widget-container\">\n\t\t\t\t\t\t\t\t\t<p><a href=\"https:\/\/newbalancechiropractic.com\/es\/\">Quiropr\u00e1ctica New Balance<\/a> respeta su privacidad y se compromete a proteger su informaci\u00f3n personal. Esta Pol\u00edtica de Privacidad explica c\u00f3mo recopilamos, utilizamos y protegemos la informaci\u00f3n cuando visita nuestro sitio web.<\/p>\t\t\t\t\t\t\t\t<\/div>\n\t\t\t\t<\/div>\n\t\t\t\t<div class=\"elementor-element elementor-element-f9a2cea elementor-widget elementor-widget-heading\" data-id=\"f9a2cea\" data-element_type=\"widget\" data-e-type=\"widget\" data-widget_type=\"heading.default\">\n\t\t\t\t<div class=\"elementor-widget-container\">\n\t\t\t\t\t<h1 class=\"elementor-heading-title elementor-size-default\">Informaci\u00f3n que recopilamos<\/h1>\t\t\t\t<\/div>\n\t\t\t\t<\/div>\n\t\t\t\t<div class=\"elementor-element elementor-element-a44201c elementor-widget elementor-widget-text-editor\" data-id=\"a44201c\" data-element_type=\"widget\" data-e-type=\"widget\" data-widget_type=\"text-editor.default\">\n\t\t\t\t<div class=\"elementor-widget-container\">\n\t\t\t\t\t\t\t\t\t<p data-start=\"718\" data-end=\"768\">Podemos recopilar los siguientes tipos de informaci\u00f3n:<\/p><h3 data-start=\"770\" data-end=\"806\"><b>Informaci\u00f3n personal que usted proporciona<\/b><\/h3><p data-start=\"807\" data-end=\"816\">Cuando usted:<\/p><ul data-start=\"817\" data-end=\"898\"><li data-start=\"817\" data-end=\"842\"><p data-start=\"819\" data-end=\"842\">Enviar un formulario de contacto<\/p><\/li><li data-start=\"843\" data-end=\"869\"><p data-start=\"845\" data-end=\"869\"><a href=\"https:\/\/newbalancechiropractic.com\/es\/contactenos\/\">Solicitar una cita<\/a><\/p><\/li><li data-start=\"870\" data-end=\"898\"><p data-start=\"872\" data-end=\"898\"><a href=\"https:\/\/newbalancechiropractic.com\/es\/contactenos\/\">Llame o env\u00ede un correo electr\u00f3nico a nuestra oficina.<\/a><\/p><\/li><\/ul><p data-start=\"900\" data-end=\"936\">Puede proporcionar informaci\u00f3n como:<\/p><ul data-start=\"937\" data-end=\"1057\"><li data-start=\"937\" data-end=\"945\"><p data-start=\"939\" data-end=\"945\">Nombre<\/p><\/li><li data-start=\"946\" data-end=\"962\"><p data-start=\"948\" data-end=\"962\">N\u00famero de tel\u00e9fono<\/p><\/li><li data-start=\"963\" data-end=\"980\"><p data-start=\"965\" data-end=\"980\">Direcci\u00f3n de correo electr\u00f3nico<\/p><\/li><li data-start=\"981\" data-end=\"1004\"><p data-start=\"983\" data-end=\"1004\">Detalles de la cita<\/p><\/li><li data-start=\"1005\" data-end=\"1057\"><p data-start=\"1007\" data-end=\"1057\">Cualquier informaci\u00f3n que decidas compartir en un mensaje.<\/p><\/li><\/ul><h3 data-start=\"1059\" data-end=\"1098\"><b>Informaci\u00f3n recopilada autom\u00e1ticamente<\/b><\/h3><p data-start=\"1099\" data-end=\"1189\">Cuando visita nuestro sitio web, es posible que se recopile cierta informaci\u00f3n de forma autom\u00e1tica, incluyendo:<\/p><ul data-start=\"1190\" data-end=\"1282\"><li data-start=\"1190\" data-end=\"1204\"><p data-start=\"1192\" data-end=\"1204\">Direcci\u00f3n IP<\/p><\/li><li data-start=\"1205\" data-end=\"1221\"><p data-start=\"1207\" data-end=\"1221\">Tipo de navegador<\/p><\/li><li data-start=\"1222\" data-end=\"1237\"><p data-start=\"1224\" data-end=\"1237\">Tipo de dispositivo<\/p><\/li><li data-start=\"1238\" data-end=\"1255\"><p data-start=\"1240\" data-end=\"1255\">P\u00e1ginas visitadas<\/p><\/li><li data-start=\"1256\" data-end=\"1282\"><p data-start=\"1258\" data-end=\"1282\">Fecha y hora de la visita<\/p><\/li><\/ul><p data-start=\"1284\" data-end=\"1350\">Esta informaci\u00f3n nos ayuda a mejorar nuestro sitio web y la experiencia del usuario.<\/p>\t\t\t\t\t\t\t\t<\/div>\n\t\t\t\t<\/div>\n\t\t\t\t<div class=\"elementor-element elementor-element-83ee37a elementor-widget elementor-widget-heading\" data-id=\"83ee37a\" data-element_type=\"widget\" data-e-type=\"widget\" data-widget_type=\"heading.default\">\n\t\t\t\t<div class=\"elementor-widget-container\">\n\t\t\t\t\t<h1 class=\"elementor-heading-title elementor-size-default\">C\u00f3mo utilizamos su informaci\u00f3n<\/h1>\t\t\t\t<\/div>\n\t\t\t\t<\/div>\n\t\t\t\t<div class=\"elementor-element elementor-element-6b0efac elementor-widget elementor-widget-text-editor\" data-id=\"6b0efac\" data-element_type=\"widget\" data-e-type=\"widget\" data-widget_type=\"text-editor.default\">\n\t\t\t\t<div class=\"elementor-widget-container\">\n\t\t\t\t\t\t\t\t\t<p data-start=\"1392\" data-end=\"1423\">Podemos utilizar su informaci\u00f3n para:<\/p>\n<ul data-start=\"1425\" data-end=\"1599\">\n<li data-start=\"1425\" data-end=\"1449\">\n<p data-start=\"1427\" data-end=\"1449\">Responder a las consultas<\/p>\n<\/li>\n<li data-start=\"1450\" data-end=\"1486\">\n<p data-start=\"1452\" data-end=\"1486\"><a href=\"https:\/\/newbalancechiropractic.com\/es\/terminos-y-condiciones\/scheduling\/\" data-wplink-edit=\"true\">Programar o confirmar citas<\/a><\/p>\n<\/li>\n<li data-start=\"1487\" data-end=\"1523\">\n<p data-start=\"1489\" data-end=\"1523\">Mejorar nuestro sitio web y nuestros servicios.<\/p>\n<\/li>\n<li data-start=\"1524\" data-end=\"1564\">\n<p data-start=\"1526\" data-end=\"1564\">Comunicar novedades importantes de la oficina.<\/p>\n<\/li>\n<li data-start=\"1565\" data-end=\"1599\">\n<p data-start=\"1567\" data-end=\"1599\">Cumplir con los requisitos legales.<\/p>\n<\/li>\n<\/ul>\n<p data-start=\"1601\" data-end=\"1675\">No vendemos, alquilamos ni intercambiamos su informaci\u00f3n personal con terceros.<\/p>\t\t\t\t\t\t\t\t<\/div>\n\t\t\t\t<\/div>\n\t\t\t\t<div class=\"elementor-element elementor-element-60d989a elementor-widget elementor-widget-heading\" data-id=\"60d989a\" data-element_type=\"widget\" data-e-type=\"widget\" id=\"hipaa\" data-widget_type=\"heading.default\">\n\t\t\t\t<div class=\"elementor-widget-container\">\n\t\t\t\t\t<h1 class=\"elementor-heading-title elementor-size-default\">Informaci\u00f3n m\u00e9dica y HIPAA<\/h1>\t\t\t\t<\/div>\n\t\t\t\t<\/div>\n\t\t\t\t<div class=\"elementor-element elementor-element-b126dec elementor-widget elementor-widget-text-editor\" data-id=\"b126dec\" data-element_type=\"widget\" data-e-type=\"widget\" data-widget_type=\"text-editor.default\">\n\t\t\t\t<div class=\"elementor-widget-container\">\n\t\t\t\t\t\t\t\t\t<p data-start=\"1718\" data-end=\"1887\">Si usted se convierte en paciente de New Balance Chiropractic, su informaci\u00f3n m\u00e9dica protegida se manejar\u00e1 de acuerdo con las leyes de privacidad de la informaci\u00f3n m\u00e9dica aplicables, incluida la HIPAA.<\/p><p data-start=\"1889\" data-end=\"2059\">Las pr\u00e1cticas de privacidad relacionadas con los expedientes m\u00e9dicos de los pacientes se describen en nuestro Aviso de pr\u00e1cticas de privacidad, que se proporciona por separado en el momento de su primera visita.<\/p><p data-start=\"2061\" data-end=\"2165\">El env\u00edo de informaci\u00f3n a trav\u00e9s de este sitio web no crea autom\u00e1ticamente una <a href=\"https:\/\/newbalancechiropractic.com\/es\/terminos-y-condiciones\/#relationship\">relaci\u00f3n m\u00e9dico-paciente<\/a>.<\/p>\t\t\t\t\t\t\t\t<\/div>\n\t\t\t\t<\/div>\n\t\t\t\t<div class=\"elementor-element elementor-element-5e63b0f elementor-widget elementor-widget-heading\" data-id=\"5e63b0f\" data-element_type=\"widget\" data-e-type=\"widget\" data-widget_type=\"heading.default\">\n\t\t\t\t<div class=\"elementor-widget-container\">\n\t\t\t\t\t<h1 class=\"elementor-heading-title elementor-size-default\">Cookies y tecnolog\u00edas de seguimiento<\/h1>\t\t\t\t<\/div>\n\t\t\t\t<\/div>\n\t\t\t\t<div class=\"elementor-element elementor-element-08b5566 elementor-widget elementor-widget-text-editor\" data-id=\"08b5566\" data-element_type=\"widget\" data-e-type=\"widget\" data-widget_type=\"text-editor.default\">\n\t\t\t\t<div class=\"elementor-widget-container\">\n\t\t\t\t\t\t\t\t\t<p data-start=\"2213\" data-end=\"2320\">Nuestro sitio web puede utilizar cookies o tecnolog\u00edas similares para mejorar la experiencia del usuario y analizar el tr\u00e1fico del sitio web.<\/p>\n<p data-start=\"2322\" data-end=\"2446\">Puede desactivar las cookies a trav\u00e9s de la configuraci\u00f3n de su navegador. Sin embargo, hacerlo puede afectar a determinadas funciones del sitio web.<\/p>\t\t\t\t\t\t\t\t<\/div>\n\t\t\t\t<\/div>\n\t\t\t\t<div class=\"elementor-element elementor-element-e23ec01 elementor-widget elementor-widget-heading\" data-id=\"e23ec01\" data-element_type=\"widget\" data-e-type=\"widget\" data-widget_type=\"heading.default\">\n\t\t\t\t<div class=\"elementor-widget-container\">\n\t\t\t\t\t<h1 class=\"elementor-heading-title elementor-size-default\">Servicios de terceros<\/h1>\t\t\t\t<\/div>\n\t\t\t\t<\/div>\n\t\t\t\t<div class=\"elementor-element elementor-element-c8a3be7 elementor-widget elementor-widget-text-editor\" data-id=\"c8a3be7\" data-element_type=\"widget\" data-e-type=\"widget\" data-widget_type=\"text-editor.default\">\n\t\t\t\t<div class=\"elementor-widget-container\">\n\t\t\t\t\t\t\t\t\t<p data-start=\"2481\" data-end=\"2521\">Podemos utilizar<a href=\"https:\/\/newbalancechiropractic.com\/es\/terminos-y-condiciones\/#links\"> servicios de terceros<\/a> como:<\/p><ul data-start=\"2523\" data-end=\"2607\"><li data-start=\"2523\" data-end=\"2552\"><p data-start=\"2525\" data-end=\"2552\">Proveedores de alojamiento web<\/p><\/li><li data-start=\"2553\" data-end=\"2575\"><p data-start=\"2555\" data-end=\"2575\">Servicios de an\u00e1lisis<\/p><\/li><li data-start=\"2576\" data-end=\"2607\"><p data-start=\"2578\" data-end=\"2607\">Plataformas de programaci\u00f3n en l\u00ednea<\/p><\/li><\/ul><p data-start=\"2609\" data-end=\"2751\">Estos proveedores pueden tener acceso a la informaci\u00f3n limitada necesaria para prestar sus servicios, pero no se les permite utilizarla para otros fines.<\/p><p>No nos hacemos responsables de las pr\u00e1cticas de privacidad de <a href=\"https:\/\/newbalancechiropractic.com\/es\/terminos-y-condiciones\/links\/\">sitios web de terceros<\/a> vinculado desde nuestro sitio.<\/p>\t\t\t\t\t\t\t\t<\/div>\n\t\t\t\t<\/div>\n\t\t\t\t<div class=\"elementor-element elementor-element-5ac04df elementor-widget elementor-widget-heading\" data-id=\"5ac04df\" data-element_type=\"widget\" data-e-type=\"widget\" data-widget_type=\"heading.default\">\n\t\t\t\t<div class=\"elementor-widget-container\">\n\t\t\t\t\t<h1 class=\"elementor-heading-title elementor-size-default\">Seguridad de los datos<\/h1>\t\t\t\t<\/div>\n\t\t\t\t<\/div>\n\t\t\t\t<div class=\"elementor-element elementor-element-be3ab5b elementor-widget elementor-widget-text-editor\" data-id=\"be3ab5b\" data-element_type=\"widget\" data-e-type=\"widget\" data-widget_type=\"text-editor.default\">\n\t\t\t\t<div class=\"elementor-widget-container\">\n\t\t\t\t\t\t\t\t\t<p>Tomamos medidas administrativas, t\u00e9cnicas y f\u00edsicas razonables para proteger su informaci\u00f3n. Sin embargo, ninguna transmisi\u00f3n por Internet es completamente segura y no podemos garantizar una seguridad absoluta.<\/p>\t\t\t\t\t\t\t\t<\/div>\n\t\t\t\t<\/div>\n\t\t\t\t<div class=\"elementor-element elementor-element-7506604 elementor-widget elementor-widget-heading\" data-id=\"7506604\" data-element_type=\"widget\" data-e-type=\"widget\" data-widget_type=\"heading.default\">\n\t\t\t\t<div class=\"elementor-widget-container\">\n\t\t\t\t\t<h1 class=\"elementor-heading-title elementor-size-default\">Tus opciones<\/h1>\t\t\t\t<\/div>\n\t\t\t\t<\/div>\n\t\t\t\t<div class=\"elementor-element elementor-element-4c4c9d8 elementor-widget elementor-widget-text-editor\" data-id=\"4c4c9d8\" data-element_type=\"widget\" data-e-type=\"widget\" data-widget_type=\"text-editor.default\">\n\t\t\t\t<div class=\"elementor-widget-container\">\n\t\t\t\t\t\t\t\t\t<p data-start=\"3099\" data-end=\"3121\">Puede ponerse en contacto con nosotros para:<\/p>\n<ul data-start=\"3123\" data-end=\"3262\">\n<li data-start=\"3123\" data-end=\"3158\">\n<p data-start=\"3125\" data-end=\"3158\">Actualice su informaci\u00f3n de contacto.<\/p>\n<\/li>\n<li data-start=\"3159\" data-end=\"3206\">\n<p data-start=\"3161\" data-end=\"3206\">Solicitar que eliminemos los datos de consulta del sitio web.<\/p>\n<\/li>\n<li data-start=\"3207\" data-end=\"3262\">\n<p data-start=\"3209\" data-end=\"3262\">Pregunte c\u00f3mo se maneja su informaci\u00f3n.<\/p>\n<\/li>\n<\/ul>\n<p data-start=\"3264\" data-end=\"3332\">Tenga en cuenta que ciertos registros pueden conservarse seg\u00fan lo exija la ley.<\/p>\t\t\t\t\t\t\t\t<\/div>\n\t\t\t\t<\/div>\n\t\t\t\t<div class=\"elementor-element elementor-element-623fa20 elementor-widget elementor-widget-heading\" data-id=\"623fa20\" data-element_type=\"widget\" data-e-type=\"widget\" data-widget_type=\"heading.default\">\n\t\t\t\t<div class=\"elementor-widget-container\">\n\t\t\t\t\t<h1 class=\"elementor-heading-title elementor-size-default\">Privacidad infantil<\/h1>\t\t\t\t<\/div>\n\t\t\t\t<\/div>\n\t\t\t\t<div class=\"elementor-element elementor-element-fcf6d01 elementor-widget elementor-widget-text-editor\" data-id=\"fcf6d01\" data-element_type=\"widget\" data-e-type=\"widget\" data-widget_type=\"text-editor.default\">\n\t\t\t\t<div class=\"elementor-widget-container\">\n\t\t\t\t\t\t\t\t\t<p data-start=\"3099\" data-end=\"3121\">Este sitio web no est\u00e1 destinado a ni\u00f1os menores de 13 a\u00f1os. No recopilamos deliberadamente informaci\u00f3n personal de ni\u00f1os a trav\u00e9s de este sitio web.<\/p>\t\t\t\t\t\t\t\t<\/div>\n\t\t\t\t<\/div>\n\t\t\t\t<div class=\"elementor-element elementor-element-1b40293 elementor-widget elementor-widget-heading\" data-id=\"1b40293\" data-element_type=\"widget\" data-e-type=\"widget\" data-widget_type=\"heading.default\">\n\t\t\t\t<div class=\"elementor-widget-container\">\n\t\t\t\t\t<h1 class=\"elementor-heading-title elementor-size-default\">Cambios en esta Pol\u00edtica de Privacidad<\/h1>\t\t\t\t<\/div>\n\t\t\t\t<\/div>\n\t\t\t\t<div class=\"elementor-element elementor-element-9f7f149 elementor-widget elementor-widget-text-editor\" data-id=\"9f7f149\" data-element_type=\"widget\" data-e-type=\"widget\" data-widget_type=\"text-editor.default\">\n\t\t\t\t<div class=\"elementor-widget-container\">\n\t\t\t\t\t\t\t\t\t<p data-start=\"3099\" data-end=\"3121\">Podemos actualizar esta Pol\u00edtica de Privacidad peri\u00f3dicamente. Las actualizaciones se publicar\u00e1n en esta p\u00e1gina.<\/p>\t\t\t\t\t\t\t\t<\/div>\n\t\t\t\t<\/div>\n\t\t\t\t<div class=\"elementor-element elementor-element-59ddfdd elementor-widget elementor-widget-heading\" data-id=\"59ddfdd\" data-element_type=\"widget\" data-e-type=\"widget\" data-widget_type=\"heading.default\">\n\t\t\t\t<div class=\"elementor-widget-container\">\n\t\t\t\t\t<h1 class=\"elementor-heading-title elementor-size-default\">Informaci\u00f3n de contacto<\/h1>\t\t\t\t<\/div>\n\t\t\t\t<\/div>\n\t\t\t\t<div class=\"elementor-element elementor-element-b339282 elementor-widget elementor-widget-text-editor\" data-id=\"b339282\" data-element_type=\"widget\" data-e-type=\"widget\" data-widget_type=\"text-editor.default\">\n\t\t\t\t<div class=\"elementor-widget-container\">\n\t\t\t\t\t\t\t\t\t<p data-start=\"3099\" data-end=\"3121\">Si tiene alguna pregunta sobre esta Pol\u00edtica de privacidad, <a href=\"https:\/\/newbalancechiropractic.com\/es\/contactenos\/\">Por favor, cont\u00e1ctenos.<\/a>.<\/p>\t\t\t\t\t\t\t\t<\/div>\n\t\t\t\t<\/div>\n\t\t\t\t<div class=\"elementor-element elementor-element-1bf27ba elementor-widget elementor-widget-spacer\" data-id=\"1bf27ba\" data-element_type=\"widget\" data-e-type=\"widget\" data-widget_type=\"spacer.default\">\n\t\t\t\t<div class=\"elementor-widget-container\">\n\t\t\t\t\t\t\t<div class=\"elementor-spacer\">\n\t\t\t<div class=\"elementor-spacer-inner\"><\/div>\n\t\t<\/div>\n\t\t\t\t\t\t<\/div>\n\t\t\t\t<\/div>\n\t\t\t\t\t<\/div>\n\t\t<\/div>\n\t\t\t\t\t<\/div>\n\t\t<\/section>\n\t\t\t\t<section class=\"elementor-section elementor-top-section elementor-element elementor-element-fdc7341 elementor-section-boxed elementor-section-height-default elementor-section-height-default\" data-id=\"fdc7341\" data-element_type=\"section\" data-e-type=\"section\">\n\t\t\t\t\t\t<div class=\"elementor-container elementor-column-gap-default\">\n\t\t\t\t\t<div class=\"elementor-column elementor-col-100 elementor-top-column elementor-element elementor-element-2ac815d1\" data-id=\"2ac815d1\" data-element_type=\"column\" data-e-type=\"column\">\n\t\t\t<div class=\"elementor-widget-wrap\">\n\t\t\t\t\t\t\t<\/div>\n\t\t<\/div>\n\t\t\t\t\t<\/div>\n\t\t<\/section>\n\t\t\t\t<\/div>","protected":false},"excerpt":{"rendered":"<p>New Balance Chiropractic respects your privacy and is committed to protecting your personal information. This Privacy Policy explains how we collect, use, and safeguard information when you visit our website. Information We Collect We may collect the following types of information: Personal Information You Provide When you: Submit a contact form Request an appointment Call [&hellip;]<\/p>\n","protected":false},"author":1,"featured_media":0,"parent":0,"menu_order":0,"comment_status":"closed","ping_status":"open","template":"elementor_header_footer","meta":{"footnotes":""},"class_list":["post-3","page","type-page","status-publish","hentry"],"_links":{"self":[{"href":"https:\/\/newbalancechiropractic.com\/es\/wp-json\/wp\/v2\/pages\/3","targetHints":{"allow":["GET"]}}],"collection":[{"href":"https:\/\/newbalancechiropractic.com\/es\/wp-json\/wp\/v2\/pages"}],"about":[{"href":"https:\/\/newbalancechiropractic.com\/es\/wp-json\/wp\/v2\/types\/page"}],"author":[{"embeddable":true,"href":"https:\/\/newbalancechiropractic.com\/es\/wp-json\/wp\/v2\/users\/1"}],"replies":[{"embeddable":true,"href":"https:\/\/newbalancechiropractic.com\/es\/wp-json\/wp\/v2\/comments?post=3"}],"version-history":[{"count":45,"href":"https:\/\/newbalancechiropractic.com\/es\/wp-json\/wp\/v2\/pages\/3\/revisions"}],"predecessor-version":[{"id":981,"href":"https:\/\/newbalancechiropractic.com\/es\/wp-json\/wp\/v2\/pages\/3\/revisions\/981"}],"wp:attachment":[{"href":"https:\/\/newbalancechiropractic.com\/es\/wp-json\/wp\/v2\/media?parent=3"}],"curies":[{"name":"wp","href":"https:\/\/api.w.org\/{rel}","templated":true}]}}